{"id":105,"date":"2021-08-23T18:12:48","date_gmt":"2021-08-23T21:12:48","guid":{"rendered":"http:\/\/www.doutormauricio.com.br\/?page_id=105"},"modified":"2021-08-23T18:14:43","modified_gmt":"2021-08-23T21:14:43","slug":"sexologia","status":"publish","type":"page","link":"https:\/\/www.doutormauricio.com.br\/en\/sexologia\/","title":{"rendered":"Sexologia"},"content":{"rendered":"<p>Conhecer e estar em paz com a sua pr\u00f3pria sexualidade \u00e9 condi\u00e7\u00e3o central para se viver uma vida satisfat\u00f3ria. <\/p>\n\n\n\n<p>A sexologia \u00e9 a ci\u00eancia que estuda n\u00e3o s\u00f3 o sexo e o comportamento sexual mas a sexualidade de forma mais ampla. A sexualidade \u00e9 uma parte essencial da identidade de cada ser humano que vai muito al\u00e9m do ato sexual, antes engloba todos os fatores que a envolvem sejam eles biol\u00f3gicos, psicol\u00f3gicos, sociais ou culturais.<\/p>\n\n\n\n<!--more-->\n\n\n\n<p>A sexologia atual pode ser dividida em grandes \u00e1reas.<\/p>\n\n\n\n<ul class=\"wp-block-list\"><li>O tratamento das disfun\u00e7\u00f5es sexuais<\/li><li>O estudo das formas alternativas de sexualidade<\/li><li>Os estudos de g\u00eanero, de orienta\u00e7\u00e3o sexual e afins<\/li><\/ul>\n\n\n\n<p><\/p>\n\n\n\n<p>Texto original: http:\/\/www.doutormauricio.com.br\/sexologia\/<\/p>\n\n\n\n<p><\/p>","protected":false},"excerpt":{"rendered":"<p>Conhecer e estar em paz com a sua pr\u00f3pria sexualidade \u00e9 condi\u00e7\u00e3o central para se viver uma vida satisfat\u00f3ria. A sexologia \u00e9 a ci\u00eancia que estuda n\u00e3o s\u00f3 o sexo e o comportamento sexual mas a sexualidade de forma mais ampla. A sexualidade \u00e9 uma parte essencial da identidade de cada ser humano que vai&hellip; <a class=\"more-link\" href=\"https:\/\/www.doutormauricio.com.br\/en\/sexologia\/\">Continue reading <span class=\"screen-reader-text\">Sexologia<\/span><\/a><\/p>","protected":false},"author":1,"featured_media":101,"parent":0,"menu_order":0,"comment_status":"closed","ping_status":"closed","template":"","meta":{"footnotes":""},"class_list":["post-105","page","type-page","status-publish","has-post-thumbnail","hentry","entry"],"_links":{"self":[{"href":"https:\/\/www.doutormauricio.com.br\/en\/wp-json\/wp\/v2\/pages\/105"}],"collection":[{"href":"https:\/\/www.doutormauricio.com.br\/en\/wp-json\/wp\/v2\/pages"}],"about":[{"href":"https:\/\/www.doutormauricio.com.br\/en\/wp-json\/wp\/v2\/types\/page"}],"author":[{"embeddable":true,"href":"https:\/\/www.doutormauricio.com.br\/en\/wp-json\/wp\/v2\/users\/1"}],"replies":[{"embeddable":true,"href":"https:\/\/www.doutormauricio.com.br\/en\/wp-json\/wp\/v2\/comments?post=105"}],"version-history":[{"count":2,"href":"https:\/\/www.doutormauricio.com.br\/en\/wp-json\/wp\/v2\/pages\/105\/revisions"}],"predecessor-version":[{"id":108,"href":"https:\/\/www.doutormauricio.com.br\/en\/wp-json\/wp\/v2\/pages\/105\/revisions\/108"}],"wp:featuredmedia":[{"embeddable":true,"href":"https:\/\/www.doutormauricio.com.br\/en\/wp-json\/wp\/v2\/media\/101"}],"wp:attachment":[{"href":"https:\/\/www.doutormauricio.com.br\/en\/wp-json\/wp\/v2\/media?parent=105"}],"curies":[{"name":"wp","href":"https:\/\/api.w.org\/{rel}","templated":true}]}}