{"id":111,"date":"2021-08-23T18:32:25","date_gmt":"2021-08-23T21:32:25","guid":{"rendered":"http:\/\/www.doutormauricio.com.br\/?page_id=111"},"modified":"2021-08-23T18:32:51","modified_gmt":"2021-08-23T21:32:51","slug":"hipnose","status":"publish","type":"page","link":"https:\/\/www.doutormauricio.com.br\/en\/hipnose\/","title":{"rendered":"Hipnose"},"content":{"rendered":"<p>A hipnose \u00e9 um fen\u00f4meno conhecido a milhares de anos pela humanidade ela \u00e9 parte do funcionamento natural de cada um de n\u00f3s. O seu valor como ferramenta terap\u00eautica coadjuvante no tratamento de in\u00fameras formas de transtornos em todas as culturas \u00e9 sempre objeto de assombro.<\/p>\n\n\n\n<p>Apesar da impress\u00e3o, as vezes admir\u00e1vel, outras vezes assombrosa, dependendo das expectativas e das experi\u00eancias de cada paciente a hipnose cl\u00ednica moderna \u00e9 uma t\u00e9cnica muito bem estudada pela ci\u00eancia totalmente segura, reconhecida e aprovada pelos diversos conselhos profissionais das mais respeitadas \u00e1reas de sa\u00fade tanto no Brasil como no mundo. <\/p>\n\n\n\n<!--more-->\n\n\n\n<p>Texto original: http:\/\/www.doutormauricio.com.br\/hipnose\/<\/p>","protected":false},"excerpt":{"rendered":"<p>A hipnose \u00e9 um fen\u00f4meno conhecido a milhares de anos pela humanidade ela \u00e9 parte do funcionamento natural de cada um de n\u00f3s. O seu valor como ferramenta terap\u00eautica coadjuvante no tratamento de in\u00fameras formas de transtornos em todas as culturas \u00e9 sempre objeto de assombro. Apesar da impress\u00e3o, as vezes admir\u00e1vel, outras vezes assombrosa,&hellip; <a class=\"more-link\" href=\"https:\/\/www.doutormauricio.com.br\/en\/hipnose\/\">Continue reading <span class=\"screen-reader-text\">Hipnose<\/span><\/a><\/p>","protected":false},"author":1,"featured_media":97,"parent":0,"menu_order":0,"comment_status":"closed","ping_status":"closed","template":"","meta":{"footnotes":""},"class_list":["post-111","page","type-page","status-publish","has-post-thumbnail","hentry","entry"],"_links":{"self":[{"href":"https:\/\/www.doutormauricio.com.br\/en\/wp-json\/wp\/v2\/pages\/111"}],"collection":[{"href":"https:\/\/www.doutormauricio.com.br\/en\/wp-json\/wp\/v2\/pages"}],"about":[{"href":"https:\/\/www.doutormauricio.com.br\/en\/wp-json\/wp\/v2\/types\/page"}],"author":[{"embeddable":true,"href":"https:\/\/www.doutormauricio.com.br\/en\/wp-json\/wp\/v2\/users\/1"}],"replies":[{"embeddable":true,"href":"https:\/\/www.doutormauricio.com.br\/en\/wp-json\/wp\/v2\/comments?post=111"}],"version-history":[{"count":2,"href":"https:\/\/www.doutormauricio.com.br\/en\/wp-json\/wp\/v2\/pages\/111\/revisions"}],"predecessor-version":[{"id":113,"href":"https:\/\/www.doutormauricio.com.br\/en\/wp-json\/wp\/v2\/pages\/111\/revisions\/113"}],"wp:featuredmedia":[{"embeddable":true,"href":"https:\/\/www.doutormauricio.com.br\/en\/wp-json\/wp\/v2\/media\/97"}],"wp:attachment":[{"href":"https:\/\/www.doutormauricio.com.br\/en\/wp-json\/wp\/v2\/media?parent=111"}],"curies":[{"name":"wp","href":"https:\/\/api.w.org\/{rel}","templated":true}]}}