{"id":248,"date":"2024-06-03T20:47:37","date_gmt":"2024-06-03T23:47:37","guid":{"rendered":"https:\/\/www.doutormauricio.com.br\/?page_id=248"},"modified":"2024-07-31T20:55:14","modified_gmt":"2024-07-31T23:55:14","slug":"dor-de-amor","status":"publish","type":"page","link":"https:\/\/www.doutormauricio.com.br\/en\/dor-de-amor\/","title":{"rendered":"Dor de Amor"},"content":{"rendered":"<p>Amar d\u00f3i<\/p>\n\n\n\n<p>O amor \u00e9 um dos sentimentos mais poderoso da humanidade. Em seu nome imp\u00e9rios se criaram e imp\u00e9rios ca\u00edram. O amor t\u00eam sido contado em verso e em prosa pelos maiores autores e pensadores desde o inicio da esp\u00e9cie humana.<\/p>\n\n\n\n<p>Quando estamos em um relacionamento onde h\u00e1 amor e onde estamos em paz a vida passa depressa e com alegria! Mesmo diante das dificuldades inevit\u00e1veis da vida.<\/p>\n\n\n\n<p>Mas, as vezes algo n\u00e3o d\u00e1 certo&#8230;<\/p>\n\n\n\n<!--more-->\n\n\n\n<p>As vezes acontece a trai\u00e7\u00e3o, um dos maiores temores daqueles que amam. Outras vezes os problemas do dia a dia permitem que o amor definhe por falta de aten\u00e7\u00e3o. Algumas vezes casais s\u00e3o formados por pessoas t\u00e3o feridas pela vida que n\u00e3o conseguem se permitir se entregar sem reversas.<\/p>\n\n\n\n<p>As possibilidades de um amor ser ferido s\u00e3o in\u00fameras. Eu sei&#8230; J\u00e1 sobrevivi a muitas mais do eu julgaria poss\u00edvel. E \u00e9 com a experi\u00eancia de quem sobreviveu \u00e0 perda do amor mais vezes do que eu imaginaria nos meus piores pesadelos que eu quero te ensinar como sobreviver a cat\u00e1strofe e, quem sabe, chegar as \u00e1guas mansas do amor maduro.<\/p>\n\n\n\n<p>Texto original: https:\/\/www.doutormauricio.com.br\/dor-de-amor\/<\/p>","protected":false},"excerpt":{"rendered":"<p>Amar d\u00f3i O amor \u00e9 um dos sentimentos mais poderoso da humanidade. Em seu nome imp\u00e9rios se criaram e imp\u00e9rios ca\u00edram. O amor t\u00eam sido contado em verso e em prosa pelos maiores autores e pensadores desde o inicio da esp\u00e9cie humana. Quando estamos em um relacionamento onde h\u00e1 amor e onde estamos em paz&hellip; <a class=\"more-link\" href=\"https:\/\/www.doutormauricio.com.br\/en\/dor-de-amor\/\">Continue reading <span class=\"screen-reader-text\">Dor de Amor<\/span><\/a><\/p>","protected":false},"author":1,"featured_media":251,"parent":0,"menu_order":0,"comment_status":"closed","ping_status":"closed","template":"","meta":{"footnotes":""},"class_list":["post-248","page","type-page","status-publish","has-post-thumbnail","hentry","entry"],"_links":{"self":[{"href":"https:\/\/www.doutormauricio.com.br\/en\/wp-json\/wp\/v2\/pages\/248"}],"collection":[{"href":"https:\/\/www.doutormauricio.com.br\/en\/wp-json\/wp\/v2\/pages"}],"about":[{"href":"https:\/\/www.doutormauricio.com.br\/en\/wp-json\/wp\/v2\/types\/page"}],"author":[{"embeddable":true,"href":"https:\/\/www.doutormauricio.com.br\/en\/wp-json\/wp\/v2\/users\/1"}],"replies":[{"embeddable":true,"href":"https:\/\/www.doutormauricio.com.br\/en\/wp-json\/wp\/v2\/comments?post=248"}],"version-history":[{"count":4,"href":"https:\/\/www.doutormauricio.com.br\/en\/wp-json\/wp\/v2\/pages\/248\/revisions"}],"predecessor-version":[{"id":273,"href":"https:\/\/www.doutormauricio.com.br\/en\/wp-json\/wp\/v2\/pages\/248\/revisions\/273"}],"wp:featuredmedia":[{"embeddable":true,"href":"https:\/\/www.doutormauricio.com.br\/en\/wp-json\/wp\/v2\/media\/251"}],"wp:attachment":[{"href":"https:\/\/www.doutormauricio.com.br\/en\/wp-json\/wp\/v2\/media?parent=248"}],"curies":[{"name":"wp","href":"https:\/\/api.w.org\/{rel}","templated":true}]}}