{"id":277,"date":"2024-06-03T23:50:13","date_gmt":"2024-06-04T02:50:13","guid":{"rendered":"https:\/\/www.doutormauricio.com.br\/?page_id=277"},"modified":"2024-10-03T16:02:09","modified_gmt":"2024-10-03T19:02:09","slug":"recursos","status":"publish","type":"page","link":"https:\/\/www.doutormauricio.com.br\/en\/recursos\/","title":{"rendered":"Como posso ajudar ?"},"content":{"rendered":"<div style=\"height:43px\" aria-hidden=\"true\" class=\"wp-block-spacer\"><\/div>\n\n\n\n<p>A terapia cognitiva \u00e9 uma abordagem psicol\u00f3gica muito poderosa e flex\u00edvel. Em seu livro &#8220;O poder integrador da Terapia Cognitiva&#8221; professor Aaron T. Beck demonstra a capacidade do arcabou\u00e7o te\u00f3rico da Terapia Cognitivo-Comportamental fazer uso de in\u00fameras ferramentas integrando-as aos seus princ\u00edpios.<\/p>\n\n\n\n<p>Aqui temos uma lista de recursos de diversas fontes entre eles alguns desenvolvidos pelo psic\u00f3logo Maur\u00edcio Amaral de Almeida que podem ser utilizados como apoio a terapia ou como ferramenta de desenvolvimento pessoal e auto conhecimento.<\/p>\n\n\n\n<div style=\"height:44px\" aria-hidden=\"true\" class=\"wp-block-spacer\"><\/div>\n\n\n\n<h2 class=\"wp-block-heading\">Livros do Doutor Maur\u00edcio<\/h2>\n\n\n\n<p><strong>Os livros do Doutor Maur\u00edcio apresenta um estilo que \u00e9 ao mesmo tempo intelectual e acess\u00edvel, reflexivo e pr\u00e1tico.<\/strong> Ele consegue comunicar ideias complexas de maneira que ressoem com uma ampla gama de leitores, respeitando as necessidades do leitor atual por um texto compacto e de leitura r\u00e1pida; combinando clareza, empatia e um rico repert\u00f3rio cultural e cient\u00edfico. Seu estilo \u00e9 particularmente eficaz em conectar a teoria com a pr\u00e1tica, permitindo que os leitores n\u00e3o apenas compreendam, mas tamb\u00e9m apliquem os insights que ele oferece.<\/p>\n\n\n\n<ul class=\"wp-block-list\">\n<li><a href=\"https:\/\/www.doutormauricio.com.br\/en\/aforismos-da-masculinidade\/\">Aforismos da Masculinidade<\/a><\/li>\n\n\n\n<li><a href=\"https:\/\/www.doutormauricio.com.br\/en\/o-diagrama-do-amor\/\">O Diagrama do Amor<\/a><\/li>\n<\/ul>\n\n\n\n<div style=\"height:46px\" aria-hidden=\"true\" class=\"wp-block-spacer\"><\/div>\n\n\n\n<h2 class=\"wp-block-heading\">Cursos on Line<\/h2>\n\n\n\n<p><strong>Aprenda no seu ritmo e de qualquer lugar com nossos cursos online!<\/strong> Com essa modalidade, voc\u00ea adquire conhecimento pr\u00e1tico e aplic\u00e1vel de imediato em sua vida. N\u00e3o perca o lan\u00e7amento dos cursos online do Dr. Maur\u00edcio Amaral de Almeida e transforme sua forma de aprender!<\/p>\n\n\n\n<ul class=\"wp-block-list\">\n<li>Aprenda a perdoar (Lan\u00e7amento em Novembro de 2024)<\/li>\n\n\n\n<li>Dor de Amor: Superando o sofrimento amoroso (Dispon\u00edvel a partir do primeiro trimestre de 2025)<\/li>\n<\/ul>\n\n\n\n<div style=\"height:46px\" aria-hidden=\"true\" class=\"wp-block-spacer\"><\/div>\n\n\n\n<h2 class=\"wp-block-heading\">Psicologia Cl\u00ednica<\/h2>\n\n\n\n<p><strong>Transforme sua vida com o suporte terap\u00eautico personalizado do Dr. Maur\u00edcio Amaral de Almeida!<\/strong> Aproveite a experi\u00eancia de um psicologo cl\u00ednica com uma vasta forma\u00e7\u00e3o para superar desafios emocionais e alcan\u00e7ar um equil\u00edbrio saud\u00e1vel em sua vida e relacionamentos. Agende sua consulta ou supervis\u00e3o e comece sua jornada de autodescoberta e crescimento pessoal hoje mesmo.<\/p>\n\n\n\n<ul class=\"wp-block-list\">\n<li><a href=\"https:\/\/www.doutormauricio.com.br\/en\/como-o-doutor-mauricio-vai-te-ajudar-atraves-da-tcc\/\">Atendimento Cl\u00ednico<\/a><\/li>\n\n\n\n<li><a href=\"https:\/\/www.doutormauricio.com.br\/en\/supervisao-em-terapia-cognitivo-comportamental\/\">Supervis\u00e3o On-Line<\/a><\/li>\n<\/ul>\n\n\n\n<div style=\"height:45px\" aria-hidden=\"true\" class=\"wp-block-spacer\"><\/div>\n\n\n\n<h2 class=\"wp-block-heading\">V\u00eddeos Gratuitos<\/h2>\n\n\n\n<p><strong>Explore v\u00eddeos gratuitos do Dr. Maur\u00edcio sobre amor, relacionamentos, desenvolvimento pessoal e ferramentas da psicologia!<\/strong> Acesse insights valiosos em nossos canais, com reflex\u00f5es profundas ou v\u00eddeos din\u00e2micos. Conhe\u00e7a agora:<\/p>\n\n\n\n<ul class=\"wp-block-list\">\n<li><a href=\"https:\/\/www.youtube.com\/channel\/UCR8YB_h_RVKGeulZ9JrWsCA\">Reflex\u00f5es Cl\u00ednicas (YouTube)<\/a><\/li>\n\n\n\n<li>V\u00eddeos curtos (TikToc)<\/li>\n<\/ul>\n\n\n\n<div style=\"height:45px\" aria-hidden=\"true\" class=\"wp-block-spacer\"><\/div>\n\n\n\n<h2 class=\"wp-block-heading\">Redes sociais<\/h2>\n\n\n\n<p><strong>Siga o Dr. Maur\u00edcio nas redes sociais da sua prefer\u00eancia!<\/strong><\/p>\n\n\n\n<ul class=\"wp-block-list\">\n<li><a href=\"https:\/\/whatsapp.com\/channel\/0029Vadpao4DZ4LVF2vBfi1U\">Canal Dor de Amor no WhatApp<\/a>: Entre para nossa comunidade e receba conte\u00fados exclusivos.<\/li>\n\n\n\n<li><a href=\"https:\/\/www.instagram.com\/lov.in.pain\">Instagram Dor de Amor<\/a>: Acompanhe dicas di\u00e1rias e reflex\u00f5es sobre amor e relacionamentos.<\/li>\n\n\n\n<li><a href=\"https:\/\/x.com\/DrMauricioPsi\" target=\"_blank\" rel=\"noreferrer noopener\">Doutor Maur\u00edcio no X<\/a>: Fique por dentro das novidades e insights r\u00e1pidos.<\/li>\n\n\n\n<li><a href=\"https:\/\/www.doutormauricio.com.br\/en\/nostr\/\">Doutor Maur\u00edcio no NOSTR<\/a>: Conecte-se com uma rede livre, distribu\u00edda e incensur\u00e1vel; apropriada para discuss\u00f5es profundas.<\/li>\n<\/ul>\n\n\n\n<div style=\"height:46px\" aria-hidden=\"true\" class=\"wp-block-spacer\"><\/div>\n\n\n\n<h2 class=\"wp-block-heading\">Ferramentas de auto avalia\u00e7\u00e3o<\/h2>\n\n\n\n<p>Aqui voc\u00ea encontra recursos diversos testados pelo Doutor Maur\u00edcio para seu desenvolvimento pessoal.<\/p>\n\n\n\n<ul class=\"wp-block-list\">\n<li><a href=\"https:\/\/www.understandmyself.com\/\">Big 5 (Teste de personalidade em ingl\u00eas)<\/a><\/li>\n<\/ul>\n\n\n\n<div style=\"height:150px\" aria-hidden=\"true\" class=\"wp-block-spacer\"><\/div>\n\n\n\n<p>Texto original:<a href=\"https:\/\/www.doutormauricio.com.br\/en\/recursos\/\"> <\/a><a rel=\"noreferrer noopener\" target=\"_blank\" href=\"https:\/\/www.doutormauricio.com.br\/en\/recursos\/\">https:\/\/www.doutormauricio.com.br\/recursos\/<\/a><\/p>\n\n\n\n<p><\/p>","protected":false},"excerpt":{"rendered":"<p>A terapia cognitiva \u00e9 uma abordagem psicol\u00f3gica muito poderosa e flex\u00edvel. Em seu livro &#8220;O poder integrador da Terapia Cognitiva&#8221; professor Aaron T. Beck demonstra a capacidade do arcabou\u00e7o te\u00f3rico da Terapia Cognitivo-Comportamental fazer uso de in\u00fameras ferramentas integrando-as aos seus princ\u00edpios. Aqui temos uma lista de recursos de diversas fontes entre eles alguns desenvolvidos&hellip; <a class=\"more-link\" href=\"https:\/\/www.doutormauricio.com.br\/en\/recursos\/\">Continue reading <span class=\"screen-reader-text\">Como posso ajudar ?<\/span><\/a><\/p>","protected":false},"author":1,"featured_media":278,"parent":0,"menu_order":0,"comment_status":"closed","ping_status":"closed","template":"","meta":{"footnotes":""},"class_list":["post-277","page","type-page","status-publish","has-post-thumbnail","hentry","entry"],"_links":{"self":[{"href":"https:\/\/www.doutormauricio.com.br\/en\/wp-json\/wp\/v2\/pages\/277"}],"collection":[{"href":"https:\/\/www.doutormauricio.com.br\/en\/wp-json\/wp\/v2\/pages"}],"about":[{"href":"https:\/\/www.doutormauricio.com.br\/en\/wp-json\/wp\/v2\/types\/page"}],"author":[{"embeddable":true,"href":"https:\/\/www.doutormauricio.com.br\/en\/wp-json\/wp\/v2\/users\/1"}],"replies":[{"embeddable":true,"href":"https:\/\/www.doutormauricio.com.br\/en\/wp-json\/wp\/v2\/comments?post=277"}],"version-history":[{"count":16,"href":"https:\/\/www.doutormauricio.com.br\/en\/wp-json\/wp\/v2\/pages\/277\/revisions"}],"predecessor-version":[{"id":372,"href":"https:\/\/www.doutormauricio.com.br\/en\/wp-json\/wp\/v2\/pages\/277\/revisions\/372"}],"wp:featuredmedia":[{"embeddable":true,"href":"https:\/\/www.doutormauricio.com.br\/en\/wp-json\/wp\/v2\/media\/278"}],"wp:attachment":[{"href":"https:\/\/www.doutormauricio.com.br\/en\/wp-json\/wp\/v2\/media?parent=277"}],"curies":[{"name":"wp","href":"https:\/\/api.w.org\/{rel}","templated":true}]}}