{"id":349,"date":"2024-08-01T04:53:43","date_gmt":"2024-08-01T07:53:43","guid":{"rendered":"https:\/\/www.doutormauricio.com.br\/?page_id=349"},"modified":"2024-08-01T04:53:43","modified_gmt":"2024-08-01T07:53:43","slug":"nostr","status":"publish","type":"page","link":"https:\/\/www.doutormauricio.com.br\/en\/nostr\/","title":{"rendered":"NOSTR"},"content":{"rendered":"<p>NOSTR (Notes and Other Stuff Transmitted by Relays) \u00e9 um protocolo de comunica\u00e7\u00e3o descentralizado que visa fornecer uma alternativa mais privada e resistente \u00e0 censura em compara\u00e7\u00e3o com os m\u00e9todos tradicionais de comunica\u00e7\u00e3o online. Ele opera atrav\u00e9s de relays (servidores) que transmitem mensagens entre usu\u00e1rios sem depender de uma \u00fanica autoridade central. <\/p>\n\n\n\n<p>Cada usu\u00e1rio possui uma chave p\u00fablica e juma chave privada para autentica\u00e7\u00e3o e criptografia, garantindo seguran\u00e7a e anonimato. <\/p>\n\n\n\n<p>O NOSTR \u00e9 utilizado para criar redes sociais descentralizadas, mensageiros e outras aplica\u00e7\u00f5es de comunica\u00e7\u00e3o.<\/p>\n\n\n\n<p>Para criar uma conta no NOSTR, siga estes passos:<\/p>\n\n\n\n<ol class=\"wp-block-list\">\n<li><strong>Obtenha um Cliente NOSTR<\/strong>: Baixe um aplicativo ou software compat\u00edvel com NOSTR. Como o <a href=\"https:\/\/play.google.com\/store\/apps\/details?id=com.vitorpamplona.amethyst\">Amethist<\/a> para android.<\/li>\n\n\n\n<li><strong>Gere Chaves<\/strong>: O cliente gerar\u00e1 um par de chaves (p\u00fablica e privada). A chave p\u00fablica \u00e9 seu identificador, enquanto a privada deve ser mantida segura.<\/li>\n\n\n\n<li><strong>Configure seu Perfil<\/strong>: Use sua chave p\u00fablica para configurar seu perfil no cliente escolhido.<\/li>\n\n\n\n<li><strong>Conecte-se a Relays<\/strong>: Adicione relays (servidores) ao seu cliente para come\u00e7ar a enviar e receber mensagens ou use os relays dispon\u00edveis no seu Cliente.<\/li>\n<\/ol>\n\n\n\n<p><strong>Certifique-se de manter sua chave privada segura<\/strong>, pois ela \u00e9 essencial para acessar sua conta e garantir a seguran\u00e7a das suas comunica\u00e7\u00f5es.<\/p>\n\n\n\n<h2 class=\"wp-block-heading\">Conecte-se ao Dr Maur\u00edcio pelo NOSTR <\/h2>\n\n\n\n<p>Com a chave p\u00fablica:<\/p>\n\n\n\n<p><strong>npub1eej8xx9zvn5fha9pjazyn4sw7jyg87vwnr4cydsff6wzn75dzq8qfk09q0<\/strong><\/p>\n\n\n\n<p><\/p>","protected":false},"excerpt":{"rendered":"<p>NOSTR (Notes and Other Stuff Transmitted by Relays) \u00e9 um protocolo de comunica\u00e7\u00e3o descentralizado que visa fornecer uma alternativa mais privada e resistente \u00e0 censura em compara\u00e7\u00e3o com os m\u00e9todos tradicionais de comunica\u00e7\u00e3o online. Ele opera atrav\u00e9s de relays (servidores) que transmitem mensagens entre usu\u00e1rios sem depender de uma \u00fanica autoridade central. Cada usu\u00e1rio possui&hellip; <a class=\"more-link\" href=\"https:\/\/www.doutormauricio.com.br\/en\/nostr\/\">Continue reading <span class=\"screen-reader-text\">NOSTR<\/span><\/a><\/p>","protected":false},"author":1,"featured_media":0,"parent":0,"menu_order":0,"comment_status":"closed","ping_status":"closed","template":"","meta":{"footnotes":""},"class_list":["post-349","page","type-page","status-publish","hentry","entry"],"_links":{"self":[{"href":"https:\/\/www.doutormauricio.com.br\/en\/wp-json\/wp\/v2\/pages\/349"}],"collection":[{"href":"https:\/\/www.doutormauricio.com.br\/en\/wp-json\/wp\/v2\/pages"}],"about":[{"href":"https:\/\/www.doutormauricio.com.br\/en\/wp-json\/wp\/v2\/types\/page"}],"author":[{"embeddable":true,"href":"https:\/\/www.doutormauricio.com.br\/en\/wp-json\/wp\/v2\/users\/1"}],"replies":[{"embeddable":true,"href":"https:\/\/www.doutormauricio.com.br\/en\/wp-json\/wp\/v2\/comments?post=349"}],"version-history":[{"count":1,"href":"https:\/\/www.doutormauricio.com.br\/en\/wp-json\/wp\/v2\/pages\/349\/revisions"}],"predecessor-version":[{"id":350,"href":"https:\/\/www.doutormauricio.com.br\/en\/wp-json\/wp\/v2\/pages\/349\/revisions\/350"}],"wp:attachment":[{"href":"https:\/\/www.doutormauricio.com.br\/en\/wp-json\/wp\/v2\/media?parent=349"}],"curies":[{"name":"wp","href":"https:\/\/api.w.org\/{rel}","templated":true}]}}