{"id":49,"date":"2021-08-19T14:06:21","date_gmt":"2021-08-19T17:06:21","guid":{"rendered":"http:\/\/www.doutormauricio.com.br\/?page_id=49"},"modified":"2024-07-31T00:28:52","modified_gmt":"2024-07-31T03:28:52","slug":"home","status":"publish","type":"page","link":"https:\/\/www.doutormauricio.com.br\/en\/","title":{"rendered":"Dr. Mauricio Amaral de Almeida"},"content":{"rendered":"<h2 class=\"wp-block-heading alignfull has-text-align-center\">Dr. Maur\u00edcio Amaral de Almeida<\/h2>\n\n\n\n<h3 class=\"wp-block-heading has-text-align-center\">Sofrimento amoroso, Sexologia e Psicologia Cognitiva<\/h3>\n\n\n\n<div class=\"wp-block-columns alignfull is-layout-flex wp-container-core-columns-is-layout-1 wp-block-columns-is-layout-flex\">\n<div class=\"wp-block-column is-layout-flow wp-block-column-is-layout-flow\">\n<figure class=\"wp-block-embed is-type-wp-embed is-provider-doutor-maur-cio-amaral-de-almeida wp-block-embed-doutor-maur-cio-amaral-de-almeida\"><div class=\"wp-block-embed__wrapper\">\n<blockquote class=\"wp-embedded-content\" data-secret=\"x5RPw1WU47\"><a href=\"https:\/\/www.doutormauricio.com.br\/en\/dr-mauricio-amaral-de-almeida\/\">Dr. Maur\u00edcio Amaral de Almeida<\/a><\/blockquote><iframe loading=\"lazy\" class=\"wp-embedded-content\" sandbox=\"allow-scripts\" security=\"restricted\" style=\"position: absolute; visibility: hidden;\" title=\"&#8220;Dr. Maur\u00edcio Amaral de Almeida&#8221; &#8212; Doutor Maur\u00edcio Amaral de Almeida\" src=\"https:\/\/www.doutormauricio.com.br\/dr-mauricio-amaral-de-almeida\/embed\/#?secret=gf2ysDaANu#?secret=x5RPw1WU47\" data-secret=\"x5RPw1WU47\" width=\"600\" height=\"338\" frameborder=\"0\" marginwidth=\"0\" marginheight=\"0\" scrolling=\"no\"><\/iframe>\n<\/div><\/figure>\n<\/div>\n\n\n\n<div class=\"wp-block-column is-layout-flow wp-block-column-is-layout-flow\">\n<figure class=\"wp-block-embed is-type-wp-embed is-provider-doutor-maur-cio-amaral-de-almeida wp-block-embed-doutor-maur-cio-amaral-de-almeida\"><div class=\"wp-block-embed__wrapper\">\n<blockquote class=\"wp-embedded-content\" data-secret=\"WjqdaHVY0T\"><a href=\"https:\/\/www.doutormauricio.com.br\/en\/dor-de-amor\/\">Dor de Amor<\/a><\/blockquote><iframe loading=\"lazy\" class=\"wp-embedded-content\" sandbox=\"allow-scripts\" security=\"restricted\" style=\"position: absolute; visibility: hidden;\" title=\"&#8220;Dor de Amor&#8221; &#8212; Doutor Maur\u00edcio Amaral de Almeida\" src=\"https:\/\/www.doutormauricio.com.br\/dor-de-amor\/embed\/#?secret=lnLXRFO5Ai#?secret=WjqdaHVY0T\" data-secret=\"WjqdaHVY0T\" width=\"600\" height=\"338\" frameborder=\"0\" marginwidth=\"0\" marginheight=\"0\" scrolling=\"no\"><\/iframe>\n<\/div><\/figure>\n<\/div>\n\n\n\n<div class=\"wp-block-column is-layout-flow wp-block-column-is-layout-flow\">\n<figure class=\"wp-block-embed is-type-wp-embed is-provider-doutor-maur-cio-amaral-de-almeida wp-block-embed-doutor-maur-cio-amaral-de-almeida\"><div class=\"wp-block-embed__wrapper\">\n<blockquote class=\"wp-embedded-content\" data-secret=\"Kl7SPtfhUq\"><a href=\"https:\/\/www.doutormauricio.com.br\/en\/recursos\/\">Como posso ajudar ?<\/a><\/blockquote><iframe loading=\"lazy\" class=\"wp-embedded-content\" sandbox=\"allow-scripts\" security=\"restricted\" style=\"position: absolute; visibility: hidden;\" title=\"&#8220;Como posso ajudar ?&#8221; &#8212; Doutor Maur\u00edcio Amaral de Almeida\" src=\"https:\/\/www.doutormauricio.com.br\/recursos\/embed\/#?secret=Btiy9TvrrM#?secret=Kl7SPtfhUq\" data-secret=\"Kl7SPtfhUq\" width=\"600\" height=\"338\" frameborder=\"0\" marginwidth=\"0\" marginheight=\"0\" scrolling=\"no\"><\/iframe>\n<\/div><\/figure>\n<\/div>\n<\/div>\n\n\n\n<div class=\"wp-block-columns alignfull is-layout-flex wp-container-core-columns-is-layout-2 wp-block-columns-is-layout-flex\">\n<div class=\"wp-block-column is-layout-flow wp-block-column-is-layout-flow\">\n<figure class=\"wp-block-embed is-type-wp-embed is-provider-doutor-maur-cio-amaral-de-almeida wp-block-embed-doutor-maur-cio-amaral-de-almeida\"><div class=\"wp-block-embed__wrapper\">\n<blockquote class=\"wp-embedded-content\" data-secret=\"xpWtKJVAD9\"><a href=\"https:\/\/www.doutormauricio.com.br\/en\/psicologia\/\">Psicologia<\/a><\/blockquote><iframe loading=\"lazy\" class=\"wp-embedded-content\" sandbox=\"allow-scripts\" security=\"restricted\" style=\"position: absolute; visibility: hidden;\" title=\"&#8220;Psicologia&#8221; &#8212; Doutor Maur\u00edcio Amaral de Almeida\" src=\"https:\/\/www.doutormauricio.com.br\/psicologia\/embed\/#?secret=FMMVNUieUn#?secret=xpWtKJVAD9\" data-secret=\"xpWtKJVAD9\" width=\"600\" height=\"338\" frameborder=\"0\" marginwidth=\"0\" marginheight=\"0\" scrolling=\"no\"><\/iframe>\n<\/div><\/figure>\n<\/div>\n\n\n\n<div class=\"wp-block-column is-layout-flow wp-block-column-is-layout-flow\">\n<figure class=\"wp-block-embed is-type-wp-embed is-provider-doutor-maur-cio-amaral-de-almeida wp-block-embed-doutor-maur-cio-amaral-de-almeida\"><div class=\"wp-block-embed__wrapper\">\n<blockquote class=\"wp-embedded-content\" data-secret=\"i0CWtC2RC7\"><a href=\"https:\/\/www.doutormauricio.com.br\/en\/sexologia\/\">Sexologia<\/a><\/blockquote><iframe loading=\"lazy\" class=\"wp-embedded-content\" sandbox=\"allow-scripts\" security=\"restricted\" style=\"position: absolute; visibility: hidden;\" title=\"&#8220;Sexologia&#8221; &#8212; Doutor Maur\u00edcio Amaral de Almeida\" src=\"https:\/\/www.doutormauricio.com.br\/sexologia\/embed\/#?secret=iDX5LJdPur#?secret=i0CWtC2RC7\" data-secret=\"i0CWtC2RC7\" width=\"600\" height=\"338\" frameborder=\"0\" marginwidth=\"0\" marginheight=\"0\" scrolling=\"no\"><\/iframe>\n<\/div><\/figure>\n<\/div>\n\n\n\n<div class=\"wp-block-column is-layout-flow wp-block-column-is-layout-flow\">\n<figure class=\"wp-block-embed is-type-wp-embed is-provider-doutor-maur-cio-amaral-de-almeida wp-block-embed-doutor-maur-cio-amaral-de-almeida\"><div class=\"wp-block-embed__wrapper\">\n<blockquote class=\"wp-embedded-content\" data-secret=\"DBnhXrqn4W\"><a href=\"https:\/\/www.doutormauricio.com.br\/en\/sexualidade-alternativa\/\">Sexualidade Alternativa<\/a><\/blockquote><iframe loading=\"lazy\" class=\"wp-embedded-content\" sandbox=\"allow-scripts\" security=\"restricted\" style=\"position: absolute; visibility: hidden;\" title=\"&#8220;Sexualidade Alternativa&#8221; &#8212; Doutor Maur\u00edcio Amaral de Almeida\" src=\"https:\/\/www.doutormauricio.com.br\/sexualidade-alternativa\/embed\/#?secret=v7cJZgX1Kk#?secret=DBnhXrqn4W\" data-secret=\"DBnhXrqn4W\" width=\"600\" height=\"338\" frameborder=\"0\" marginwidth=\"0\" marginheight=\"0\" scrolling=\"no\"><\/iframe>\n<\/div><\/figure>\n<\/div>\n<\/div>\n\n\n\n<p style=\"text-align: center\"><a rel=\"license\" href=\"http:\/\/creativecommons.org\/licenses\/by-nc\/4.0\/\"><img decoding=\"async\" alt=\"Licen\u00e7a Creative Commons\" style=\"border-width:0\" src=\"https:\/\/i.creativecommons.org\/l\/by-nc\/4.0\/88x31.png\"><\/a><br>A menos que esteja explicitamente declarado, todas as p\u00e1ginas deste <span xmlns:dct=\"http:\/\/purl.org\/dc\/terms\/\" href=\"http:\/\/purl.org\/dc\/dcmitype\/Text\" rel=\"dct:type\">site<\/span> est\u00e3o licenciadas com uma Licen\u00e7a <a rel=\"license\" href=\"http:\/\/creativecommons.org\/licenses\/by-nc\/4.0\/\">Creative Commons Atribui\u00e7\u00e3o-N\u00e3oComercial 4.0 Internacional<\/a>.<\/p>","protected":false},"excerpt":{"rendered":"<p>Dr. Maur\u00edcio Amaral de Almeida Sofrimento amoroso, Sexologia e Psicologia Cognitiva A menos que esteja explicitamente declarado, todas as p\u00e1ginas deste site est\u00e3o licenciadas com uma Licen\u00e7a Creative Commons Atribui\u00e7\u00e3o-N\u00e3oComercial 4.0 Internacional.<\/p>","protected":false},"author":1,"featured_media":0,"parent":0,"menu_order":0,"comment_status":"closed","ping_status":"closed","template":"","meta":{"footnotes":""},"class_list":["post-49","page","type-page","status-publish","hentry","entry"],"_links":{"self":[{"href":"https:\/\/www.doutormauricio.com.br\/en\/wp-json\/wp\/v2\/pages\/49"}],"collection":[{"href":"https:\/\/www.doutormauricio.com.br\/en\/wp-json\/wp\/v2\/pages"}],"about":[{"href":"https:\/\/www.doutormauricio.com.br\/en\/wp-json\/wp\/v2\/types\/page"}],"author":[{"embeddable":true,"href":"https:\/\/www.doutormauricio.com.br\/en\/wp-json\/wp\/v2\/users\/1"}],"replies":[{"embeddable":true,"href":"https:\/\/www.doutormauricio.com.br\/en\/wp-json\/wp\/v2\/comments?post=49"}],"version-history":[{"count":53,"href":"https:\/\/www.doutormauricio.com.br\/en\/wp-json\/wp\/v2\/pages\/49\/revisions"}],"predecessor-version":[{"id":317,"href":"https:\/\/www.doutormauricio.com.br\/en\/wp-json\/wp\/v2\/pages\/49\/revisions\/317"}],"wp:attachment":[{"href":"https:\/\/www.doutormauricio.com.br\/en\/wp-json\/wp\/v2\/media?parent=49"}],"curies":[{"name":"wp","href":"https:\/\/api.w.org\/{rel}","templated":true}]}}