{"id":64,"date":"2021-08-19T18:38:01","date_gmt":"2021-08-19T21:38:01","guid":{"rendered":"http:\/\/www.doutormauricio.com.br\/?page_id=64"},"modified":"2021-08-23T17:12:14","modified_gmt":"2021-08-23T20:12:14","slug":"sexualidade-alternativa","status":"publish","type":"page","link":"https:\/\/www.doutormauricio.com.br\/en\/sexualidade-alternativa\/","title":{"rendered":"Sexualidade Alternativa"},"content":{"rendered":"<p>Podemos dividir a sexualidade humana em dois grupos: A <strong>sexualidade convencional<\/strong> e a <strong>sexualidade alternativa<\/strong>.<\/p>\n\n\n\n<p>A sexualidade convencional \u00e9 aquela que est\u00e1 linhada com os padr\u00f5es da cultura de cada um. Tudo o que foge disso, ou seja tudo que pode ser classificado como n\u00e3o convencional, faz parte do universo da sexualidade alternativa.<\/p>\n\n\n\n<!--more-->\n\n\n\n<p>O Dr. Maur\u00edcio se dedica a estudar a sexualidade alternativa no contexto da psicologia desde 2005 tendo se dedicado particularmente aos temas do BDSM, fetichismo er\u00f3tico, das parafilias, do poliamor, da assexualidade, entre outros.<\/p>\n\n\n\n<p><\/p>\n\n\n\n<p><\/p>\n\n\n\n<p>Texto original: <a rel=\"noreferrer noopener\" target=\"_blank\" href=\"https:\/\/www.doutormauricio.com.br\/en\/sexualidade-alternativa\/\">http:\/\/www.doutormauricio.com.br\/sexualidade-alternativa\/<\/a><\/p>","protected":false},"excerpt":{"rendered":"<p>Podemos dividir a sexualidade humana em dois grupos: A sexualidade convencional e a sexualidade alternativa. A sexualidade convencional \u00e9 aquela que est\u00e1 linhada com os padr\u00f5es da cultura de cada um. Tudo o que foge disso, ou seja tudo que pode ser classificado como n\u00e3o convencional, faz parte do universo da sexualidade alternativa.<\/p>","protected":false},"author":1,"featured_media":92,"parent":0,"menu_order":0,"comment_status":"closed","ping_status":"closed","template":"","meta":{"footnotes":""},"class_list":["post-64","page","type-page","status-publish","has-post-thumbnail","hentry","entry"],"_links":{"self":[{"href":"https:\/\/www.doutormauricio.com.br\/en\/wp-json\/wp\/v2\/pages\/64"}],"collection":[{"href":"https:\/\/www.doutormauricio.com.br\/en\/wp-json\/wp\/v2\/pages"}],"about":[{"href":"https:\/\/www.doutormauricio.com.br\/en\/wp-json\/wp\/v2\/types\/page"}],"author":[{"embeddable":true,"href":"https:\/\/www.doutormauricio.com.br\/en\/wp-json\/wp\/v2\/users\/1"}],"replies":[{"embeddable":true,"href":"https:\/\/www.doutormauricio.com.br\/en\/wp-json\/wp\/v2\/comments?post=64"}],"version-history":[{"count":4,"href":"https:\/\/www.doutormauricio.com.br\/en\/wp-json\/wp\/v2\/pages\/64\/revisions"}],"predecessor-version":[{"id":89,"href":"https:\/\/www.doutormauricio.com.br\/en\/wp-json\/wp\/v2\/pages\/64\/revisions\/89"}],"wp:featuredmedia":[{"embeddable":true,"href":"https:\/\/www.doutormauricio.com.br\/en\/wp-json\/wp\/v2\/media\/92"}],"wp:attachment":[{"href":"https:\/\/www.doutormauricio.com.br\/en\/wp-json\/wp\/v2\/media?parent=64"}],"curies":[{"name":"wp","href":"https:\/\/api.w.org\/{rel}","templated":true}]}}