{"id":94,"date":"2021-08-23T17:25:52","date_gmt":"2021-08-23T20:25:52","guid":{"rendered":"http:\/\/www.doutormauricio.com.br\/?page_id=94"},"modified":"2024-08-01T00:29:56","modified_gmt":"2024-08-01T03:29:56","slug":"psicologia","status":"publish","type":"page","link":"https:\/\/www.doutormauricio.com.br\/en\/psicologia\/","title":{"rendered":"Psicologia"},"content":{"rendered":"<p>A psicologia \u00e9 uma ci\u00eancia jovem e com uma quantidade enorme de linhas te\u00f3ricas, aplica\u00e7\u00f5es e divis\u00f5es. Nesta se\u00e7\u00e3o vamos tratar predominantemente das duas partes da psicologia utilizadas predominantemente como refer\u00eancia pelo Dr. Maur\u00edcio tanto na sua atua\u00e7\u00e3o em sexologia quanto, na cl\u00ednica geral e na sua pesquisa cient\u00edfica. Essas duas refer\u00eancias s\u00e3o a Terapia Cogintivo-Comportamental de Beck e a Psicologia Evolucionista (tamb\u00e9m chamada de Psicologia evolutiva).<\/p>\n\n\n\n<p><\/p>\n\n\n\n<p>Texto original: http:\/\/www.doutormauricio.com.br\/psicologia\/<\/p>\n\n\n\n<p><\/p>","protected":false},"excerpt":{"rendered":"<p>A psicologia \u00e9 uma ci\u00eancia jovem e com uma quantidade enorme de linhas te\u00f3ricas, aplica\u00e7\u00f5es e divis\u00f5es. Nesta se\u00e7\u00e3o vamos tratar predominantemente das duas partes da psicologia utilizadas predominantemente como refer\u00eancia pelo Dr. Maur\u00edcio tanto na sua atua\u00e7\u00e3o em sexologia quanto, na cl\u00ednica geral e na sua pesquisa cient\u00edfica. Essas duas refer\u00eancias s\u00e3o a Terapia&hellip; <a class=\"more-link\" href=\"https:\/\/www.doutormauricio.com.br\/en\/psicologia\/\">Continue reading <span class=\"screen-reader-text\">Psicologia<\/span><\/a><\/p>","protected":false},"author":1,"featured_media":104,"parent":0,"menu_order":0,"comment_status":"closed","ping_status":"closed","template":"","meta":{"footnotes":""},"class_list":["post-94","page","type-page","status-publish","has-post-thumbnail","hentry","entry"],"_links":{"self":[{"href":"https:\/\/www.doutormauricio.com.br\/en\/wp-json\/wp\/v2\/pages\/94"}],"collection":[{"href":"https:\/\/www.doutormauricio.com.br\/en\/wp-json\/wp\/v2\/pages"}],"about":[{"href":"https:\/\/www.doutormauricio.com.br\/en\/wp-json\/wp\/v2\/types\/page"}],"author":[{"embeddable":true,"href":"https:\/\/www.doutormauricio.com.br\/en\/wp-json\/wp\/v2\/users\/1"}],"replies":[{"embeddable":true,"href":"https:\/\/www.doutormauricio.com.br\/en\/wp-json\/wp\/v2\/comments?post=94"}],"version-history":[{"count":6,"href":"https:\/\/www.doutormauricio.com.br\/en\/wp-json\/wp\/v2\/pages\/94\/revisions"}],"predecessor-version":[{"id":328,"href":"https:\/\/www.doutormauricio.com.br\/en\/wp-json\/wp\/v2\/pages\/94\/revisions\/328"}],"wp:featuredmedia":[{"embeddable":true,"href":"https:\/\/www.doutormauricio.com.br\/en\/wp-json\/wp\/v2\/media\/104"}],"wp:attachment":[{"href":"https:\/\/www.doutormauricio.com.br\/en\/wp-json\/wp\/v2\/media?parent=94"}],"curies":[{"name":"wp","href":"https:\/\/api.w.org\/{rel}","templated":true}]}}